{"id":103,"date":"2023-12-19T22:29:55","date_gmt":"2023-12-19T21:29:55","guid":{"rendered":"https:\/\/vwbugshow.be\/?page_id=103"},"modified":"2024-07-25T12:07:33","modified_gmt":"2024-07-25T10:07:33","slug":"a-propos","status":"publish","type":"page","link":"https:\/\/vwbugshow.be\/nl\/a-propos\/","title":{"rendered":"Over"},"content":{"rendered":"<div id=\"fws_69dcfd95037e4\"  data-column-margin=\"default\" data-midnight=\"dark\"  class=\"wpb_row vc_row-fluid vc_row full-width-content vc_row-o-equal-height vc_row-flex vc_row-o-content-middle\"  style=\"padding-top: 0px; padding-bottom: 0px; \"><div class=\"row-bg-wrap\" data-bg-animation=\"none\" data-bg-animation-delay=\"\" data-bg-overlay=\"false\"><div class=\"inner-wrap row-bg-layer\" ><div class=\"row-bg viewport-desktop using-bg-color\"  style=\"background-color: #dbe9f9; \"><\/div><\/div><\/div><div class=\"row_col_wrap_12 col span_12 dark left\">\n\t<div style=\"\" class=\"vc_col-sm-6 wpb_column column_container vc_column_container col padding-5-percent inherit_tablet inherit_phone\" data-using-bg=\"true\" data-padding-pos=\"all\" data-has-bg-color=\"true\" data-bg-color=\"#f4f4f4\" data-bg-opacity=\"1\" data-animation=\"\" data-delay=\"0\" >\n\t\t<div class=\"vc_column-inner\" ><div class=\"column-bg-overlay-wrap column-bg-layer\" data-bg-animation=\"none\"><div class=\"column-bg-overlay\" style=\"opacity: 1; background-color: #f4f4f4;\"><\/div><\/div>\n\t\t\t<div class=\"wpb_wrapper\">\n\t\t\t\t<div id=\"fws_69dcfd95040d3\" data-midnight=\"\" data-column-margin=\"default\" class=\"wpb_row vc_row-fluid vc_row inner_row\"  style=\"\"><div class=\"row-bg-wrap\"> <div class=\"row-bg\" ><\/div> <\/div><div class=\"row_col_wrap_12_inner col span_12  left\">\n\t<div  class=\"vc_col-sm-12 wpb_column column_container vc_column_container col child_column has-animation no-extra-padding inherit_tablet inherit_phone\"   data-padding-pos=\"all\" data-has-bg-color=\"false\" data-bg-color=\"\" data-bg-opacity=\"1\" data-animation=\"fade-in-from-bottom\" data-delay=\"0\" >\n\t\t<div class=\"vc_column-inner\" >\n\t\t<div class=\"wpb_wrapper\">\n\t\t\t<h5 style=\"color: #606060;text-align: left\" class=\"vc_custom_heading vc_custom_1705001216633\" >LeBugShow<\/h5><h2 style=\"font-size: 40px;color: #000000;line-height: 50px;text-align: left\" class=\"vc_custom_heading\" >Une organisation du Belgian Buggy and VW Club depuis 1991<\/h2><p style=\"color: #606060;text-align: left\" class=\"vc_custom_heading\" >Club fond\u00e9 en 1974.<\/p>\n\t\t<\/div> \n\t<\/div>\n\t<\/div> \n<\/div><\/div>\n\t\t\t<\/div> \n\t\t<\/div>\n\t<\/div> \n\n\t<div  class=\"vc_col-sm-6 wpb_column column_container vc_column_container col no-extra-padding inherit_tablet inherit_phone\"  data-padding-pos=\"all\" data-has-bg-color=\"false\" data-bg-color=\"\" data-bg-opacity=\"1\" data-animation=\"\" data-delay=\"0\" >\n\t\t<div class=\"vc_column-inner\" >\n\t\t\t<div class=\"wpb_wrapper\">\n\t\t\t\t<div class=\"img-with-aniamtion-wrap center\" data-max-width=\"100%\" data-max-width-mobile=\"default\" data-shadow=\"none\" data-animation=\"fade-in\" >\n      <div class=\"inner\">\n        <div class=\"hover-wrap\"> \n          <div class=\"hover-wrap-inner\">\n            <a href=\"https:\/\/vwbugshow.be\/wp-content\/uploads\/2023\/12\/logo-belgian-buggy-horiz.png\" class=\"pp center\">\n              <img loading=\"lazy\" decoding=\"async\" class=\"img-with-animation skip-lazy\" data-delay=\"0\" height=\"120\" width=\"366\" data-animation=\"fade-in\" src=\"https:\/\/vwbugshow.be\/wp-content\/uploads\/2023\/12\/logo-belgian-buggy-horiz.png\" alt=\"\" srcset=\"https:\/\/vwbugshow.be\/wp-content\/uploads\/2023\/12\/logo-belgian-buggy-horiz.png 366w, https:\/\/vwbugshow.be\/wp-content\/uploads\/2023\/12\/logo-belgian-buggy-horiz-300x98.png 300w\" sizes=\"auto, (max-width: 366px) 100vw, 366px\" \/>\n            <\/a>\n          <\/div>\n        <\/div>\n      <\/div>\n      <\/div>\n\t\t\t<\/div> \n\t\t<\/div>\n\t<\/div> \n<\/div><\/div>\n\t\t<div id=\"team\"  data-column-margin=\"default\" data-midnight=\"dark\" data-top-percent=\"5%\" data-bottom-percent=\"5%\"  class=\"wpb_row vc_row-fluid vc_row full-width-content vc_row-o-equal-height vc_row-flex vc_row-o-content-top  right_padding_6pct left_padding_6pct top_padding_tablet_10pct bottom_padding_tablet_10pct\"  style=\"padding-top: calc(100vw * 0.05); padding-bottom: calc(100vw * 0.05); \"><div class=\"row-bg-wrap\" data-bg-animation=\"none\" data-bg-animation-delay=\"\" data-bg-overlay=\"false\"><div class=\"inner-wrap row-bg-layer\" ><div class=\"row-bg viewport-desktop\"  style=\"\"><\/div><\/div><\/div><div class=\"row_col_wrap_12 col span_12 dark left\">\n\t<div  class=\"vc_col-sm-4 wpb_column column_container vc_column_container col nectar-sticky-column-css has-animation no-extra-padding inherit_tablet inherit_phone\"  data-padding-pos=\"all\" data-has-bg-color=\"false\" data-bg-color=\"\" data-bg-opacity=\"1\" data-animation=\"fade-in-from-bottom\" data-delay=\"0\" >\n\t\t<div class=\"n-sticky\"><div class=\"vc_column-inner\" >\n\t\t\t<div class=\"wpb_wrapper\">\n\t\t\t\t<div class=\"nectar-split-heading  font_size_3vw\" data-align=\"default\" data-m-align=\"inherit\" data-text-effect=\"none\" data-animation-type=\"line-reveal-by-space\" data-animation-delay=\"0\" data-animation-offset=\"\" data-m-rm-animation=\"\" data-stagger=\"\" data-custom-font-size=\"true\" style=\"font-size: 3vw; line-height: 3.3vw;\"><h2 >Rencontrez l'\u00e9quipe<\/h2><\/div><div class=\"nectar-split-heading  font_size_1-1vw font_size_tablet_18px font_size_phone_16px font_line_height_1-7\" data-align=\"default\" data-m-align=\"inherit\" data-text-effect=\"none\" data-animation-type=\"line-reveal-by-space\" data-animation-delay=\"0\" data-animation-offset=\"\" data-m-rm-animation=\"\" data-stagger=\"\" data-custom-font-size=\"true\" style=\"font-size: 1.1vw; line-height: 1.21vw;\"><p >Bienvenue sur notre page \"Rencontrez l'\u00e9quipe\" d\u00e9di\u00e9e au BugShow, l'\u00e9v\u00e9nement organis\u00e9 par le Belgian Buggy and VW Club !<\/p>\n<p>Dans les coulisses du BugShow, une \u00e9quipe de passionn\u00e9s travaille sans rel\u00e2che pour offrir une exp\u00e9rience exceptionnelle \u00e0 tous les amateurs de VW. D\u00e9couvrez les visages derri\u00e8re cet \u00e9v\u00e9nement unique.<\/p>\n<p>Rencontrez nos organisateurs, ceux qui mettent tout en \u0153uvre pour que chaque \u00e9dition du BugShow soit m\u00e9morable. De la planification minutieuse \u00e0 la coordination sur le terrain, notre \u00e9quipe s'efforce de cr\u00e9er un \u00e9v\u00e9nement qui c\u00e9l\u00e8bre la culture aircooled VW.<\/p><\/div>\n\t\t\t<\/div> \n\t\t<\/div><\/div>\n\t<\/div> \n\n\t<div  class=\"vc_col-sm-8 wpb_column column_container vc_column_container col padding-6-percent el_spacing_0px no-extra-padding_tablet no-extra-padding_phone\"  data-padding-pos=\"left\" data-has-bg-color=\"false\" data-bg-color=\"\" data-bg-opacity=\"1\" data-animation=\"\" data-delay=\"0\" >\n\t\t<div class=\"vc_column-inner\" >\n\t\t\t<div class=\"wpb_wrapper\">\n\t\t\t\t<div id=\"fws_69dcfd950640e\" data-midnight=\"\" data-column-margin=\"30px\" class=\"wpb_row vc_row-fluid vc_row inner_row  top_padding_tablet_40px bottom_padding_tablet_0px\"  style=\"padding-bottom: 20px; \"><div class=\"row-bg-wrap\"> <div class=\"row-bg\" ><\/div> <\/div><div class=\"row_col_wrap_12_inner col span_12  left\">\n\t<div  class=\"vc_col-sm-4 wpb_column column_container vc_column_container col child_column no-extra-padding inherit_tablet inherit_phone\"    data-t-w-inherits=\"small_desktop\" data-padding-pos=\"all\" data-has-bg-color=\"false\" data-bg-color=\"\" data-bg-opacity=\"1\" data-animation=\"\" data-delay=\"0\" >\n\t\t<div class=\"vc_column-inner\" >\n\t\t<div class=\"wpb_wrapper\">\n\t\t\t<div class=\"team-member\" data-style=\"meta_below\"><img decoding=\"async\" alt=\"\" src=\"https:\/\/vwbugshow.be\/wp-content\/uploads\/2024\/01\/smolders-500x500.jpeg\" title=\"Denis\" \/><h4 class=\"light\">Denis<\/h4><div class=\"position\">Organisateur<\/div><p class=\"description\"><\/p><ul class=\"social accent-color\"><li><a target=\"_blank\" href='mailto:denis.smolders@vwbugshow.be'>Mail<\/a><\/li><\/ul><\/div>\n\t\t<\/div> \n\t<\/div>\n\t<\/div> \n\n\t<div  class=\"vc_col-sm-4 wpb_column column_container vc_column_container col child_column no-extra-padding inherit_tablet inherit_phone\"    data-t-w-inherits=\"small_desktop\" data-padding-pos=\"all\" data-has-bg-color=\"false\" data-bg-color=\"\" data-bg-opacity=\"1\" data-animation=\"\" data-delay=\"0\" >\n\t\t<div class=\"vc_column-inner\" >\n\t\t<div class=\"wpb_wrapper\">\n\t\t\t<div class=\"team-member\" data-style=\"meta_below\"><img decoding=\"async\" alt=\"\" src=\"https:\/\/vwbugshow.be\/wp-content\/uploads\/2024\/03\/mike-z-photographe-500x500.jpg\" title=\"Mike\" \/><h4 class=\"light\">Mike<\/h4><div class=\"position\">Organisateur - Top20 - FR - EN<\/div><p class=\"description\"><\/p><ul class=\"social accent-color\"><li><a target=\"_blank\" href='mailto:mike.zanella@vwbugshow.be'>Mail<\/a><\/li><\/ul><\/div>\n\t\t<\/div> \n\t<\/div>\n\t<\/div> \n\n\t<div  class=\"vc_col-sm-4 wpb_column column_container vc_column_container col child_column no-extra-padding inherit_tablet inherit_phone\"   data-padding-pos=\"all\" data-has-bg-color=\"false\" data-bg-color=\"\" data-bg-opacity=\"1\" data-animation=\"\" data-delay=\"0\" >\n\t\t<div class=\"vc_column-inner\" >\n\t\t<div class=\"wpb_wrapper\">\n\t\t\t<div class=\"team-member\" data-style=\"meta_below\"><img decoding=\"async\" alt=\"\" src=\"https:\/\/vwbugshow.be\/wp-content\/uploads\/2024\/01\/anne-ma-500x500.jpg\" title=\"Anne-Ma\" \/><h4 class=\"light\">Anne-Ma<\/h4><div class=\"position\">Dragster - FR<\/div><p class=\"description\"><\/p><ul class=\"social accent-color\"><li><a target=\"_blank\" href='mailto:anne-marie.vanlarken@vwbugshow.be'>Mail<\/a><\/li><\/ul><\/div>\n\t\t<\/div> \n\t<\/div>\n\t<\/div> \n<\/div><\/div><div id=\"fws_69dcfd9507ab8\" data-midnight=\"\" data-column-margin=\"30px\" class=\"wpb_row vc_row-fluid vc_row inner_row  vc_custom_1634415872169\"  style=\"\"><div class=\"row-bg-wrap\"> <div class=\"row-bg\" ><\/div> <\/div><div class=\"row_col_wrap_12_inner col span_12  left\">\n\t<div  class=\"vc_col-sm-4 wpb_column column_container vc_column_container col child_column no-extra-padding inherit_tablet inherit_phone\"    data-t-w-inherits=\"small_desktop\" data-padding-pos=\"all\" data-has-bg-color=\"false\" data-bg-color=\"\" data-bg-opacity=\"1\" data-animation=\"\" data-delay=\"0\" >\n\t\t<div class=\"vc_column-inner\" >\n\t\t<div class=\"wpb_wrapper\">\n\t\t\t<div class=\"team-member\" data-style=\"meta_below\"><img decoding=\"async\" alt=\"\" src=\"https:\/\/vwbugshow.be\/wp-content\/uploads\/2024\/01\/contact-sandrine.jpg\" title=\"Sandrine\" \/><h4 class=\"light\">Sandrine<\/h4><div class=\"position\">Swap-Meet - FR<\/div><p class=\"description\"><\/p><ul class=\"social accent-color\"><li><a target=\"_blank\" href='mailto:sandrine.sombreffe@vwbugshow.be'>Mail<\/a><\/li><\/ul><\/div>\n\t\t<\/div> \n\t<\/div>\n\t<\/div> \n\n\t<div  class=\"vc_col-sm-4 wpb_column column_container vc_column_container col child_column no-extra-padding inherit_tablet inherit_phone\"    data-t-w-inherits=\"small_desktop\" data-padding-pos=\"all\" data-has-bg-color=\"false\" data-bg-color=\"\" data-bg-opacity=\"1\" data-animation=\"\" data-delay=\"0\" >\n\t\t<div class=\"vc_column-inner\" >\n\t\t<div class=\"wpb_wrapper\">\n\t\t\t<div class=\"team-member\" data-style=\"meta_below\"><img decoding=\"async\" alt=\"\" src=\"https:\/\/vwbugshow.be\/wp-content\/uploads\/2024\/01\/contact-arnaud.jpg\" title=\"Arnaud\" \/><h4 class=\"light\">Arnaud<\/h4><div class=\"position\">Swap-Meet - FR - NL - EN<\/div><p class=\"description\"><\/p><ul class=\"social accent-color\"><li><a target=\"_blank\" href='mailto:arnaud.bran@vwbugshow.be'>Mail<\/a><\/li><\/ul><\/div>\n\t\t<\/div> \n\t<\/div>\n\t<\/div> \n\n\t<div  class=\"vc_col-sm-4 wpb_column column_container vc_column_container col child_column no-extra-padding inherit_tablet inherit_phone\"    data-t-w-inherits=\"small_desktop\" data-padding-pos=\"all\" data-has-bg-color=\"false\" data-bg-color=\"\" data-bg-opacity=\"1\" data-animation=\"\" data-delay=\"0\" >\n\t\t<div class=\"vc_column-inner\" >\n\t\t<div class=\"wpb_wrapper\">\n\t\t\t<div class=\"team-member\" data-style=\"meta_below\"><img decoding=\"async\" alt=\"\" src=\"https:\/\/vwbugshow.be\/wp-content\/uploads\/2024\/01\/pat-500x500.jpeg\" title=\"Pat\" \/><h4 class=\"light\">Pat<\/h4><div class=\"position\">Accueil - FR - NL - DE<\/div><p class=\"description\"><\/p><ul class=\"social accent-color\"><li><a target=\"_blank\" href='mailto:patrick.breuer@vwbugshow.be'>Mail<\/a><\/li><\/ul><\/div>\n\t\t<\/div> \n\t<\/div>\n\t<\/div> \n<\/div><\/div><div id=\"fws_69dcfd9508dd7\" data-midnight=\"\" data-column-margin=\"30px\" class=\"wpb_row vc_row-fluid vc_row inner_row  vc_custom_1708190967096 nectar-overflow-hidden\"  style=\"\"><div class=\"row-bg-wrap\"> <div class=\"row-bg\" ><\/div> <\/div><div class=\"row_col_wrap_12_inner col span_12  left\">\n\t<div  class=\"vc_col-sm-4 wpb_column column_container vc_column_container col child_column no-extra-padding inherit_tablet inherit_phone\"    data-t-w-inherits=\"small_desktop\" data-padding-pos=\"all\" data-has-bg-color=\"false\" data-bg-color=\"\" data-bg-opacity=\"1\" data-animation=\"\" data-delay=\"0\" >\n\t\t<div class=\"vc_column-inner\" >\n\t\t<div class=\"wpb_wrapper\">\n\t\t\t<div class=\"team-member\" data-style=\"meta_below\"><img decoding=\"async\" alt=\"\" src=\"https:\/\/vwbugshow.be\/wp-content\/uploads\/2024\/02\/stef-1-500x500.jpg\" title=\"Stephane\" \/><h4 class=\"light\">Stephane<\/h4><div class=\"position\">Organisateur - Speaker - FR - NL - EN<\/div><p class=\"description\"><\/p><\/div>\n\t\t<\/div> \n\t<\/div>\n\t<\/div> \n\n\t<div  class=\"vc_col-sm-4 wpb_column column_container vc_column_container col child_column no-extra-padding inherit_tablet inherit_phone\"   data-padding-pos=\"all\" data-has-bg-color=\"false\" data-bg-color=\"\" data-bg-opacity=\"1\" data-animation=\"\" data-delay=\"0\" >\n\t\t<div class=\"vc_column-inner\" >\n\t\t<div class=\"wpb_wrapper\">\n\t\t\t<div class=\"team-member\" data-style=\"meta_below\"><img decoding=\"async\" alt=\"\" src=\"https:\/\/vwbugshow.be\/wp-content\/uploads\/2024\/02\/Serge-1-500x500.jpg\" title=\"Serge\" \/><h4 class=\"light\">Serge<\/h4><div class=\"position\">Tour circuit<\/div><p class=\"description\"><\/p><\/div>\n\t\t<\/div> \n\t<\/div>\n\t<\/div> \n\n\t<div  class=\"vc_col-sm-4 wpb_column column_container vc_column_container col child_column no-extra-padding inherit_tablet inherit_phone\"   data-padding-pos=\"all\" data-has-bg-color=\"false\" data-bg-color=\"\" data-bg-opacity=\"1\" data-animation=\"\" data-delay=\"0\" >\n\t\t<div class=\"vc_column-inner\" >\n\t\t<div class=\"wpb_wrapper\">\n\t\t\t<div class=\"team-member\" data-style=\"meta_below\"><img decoding=\"async\" alt=\"\" src=\"https:\/\/vwbugshow.be\/wp-content\/uploads\/2024\/07\/cornet-500x500.jpg\" title=\"Bernard et Tom Cornet\" \/><h4 class=\"light\">Bernard et Tom Cornet<\/h4><div class=\"position\">Racing<\/div><p class=\"description\"><\/p><ul class=\"social accent-color\"><li><a target=\"_blank\" href='mailto:cornet@vwbugshow.be'>Mail<\/a><\/li><\/ul><\/div>\n\t\t<\/div> \n\t<\/div>\n\t<\/div> \n<\/div><\/div>\n\t\t\t<\/div> \n\t\t<\/div>\n\t<\/div> \n<\/div><\/div>\n\t\t<div id=\"fws_69dcfd950a598\"  data-column-margin=\"default\" data-midnight=\"dark\"  class=\"wpb_row vc_row-fluid vc_row full-width-content vc_row-o-equal-height vc_row-flex vc_row-o-content-middle\"  style=\"padding-top: 0px; padding-bottom: 0px; \"><div class=\"row-bg-wrap\" data-bg-animation=\"none\" data-bg-animation-delay=\"\" data-bg-overlay=\"false\"><div class=\"inner-wrap row-bg-layer\" ><div class=\"row-bg viewport-desktop\"  style=\"\"><\/div><\/div><\/div><div class=\"row_col_wrap_12 col span_12 dark left\">\n\t<div style=\"\" class=\"vc_col-sm-6 wpb_column column_container vc_column_container col no-extra-padding inherit_tablet inherit_phone\" data-using-bg=\"true\" data-padding-pos=\"all\" data-has-bg-color=\"true\" data-bg-color=\"#dbe9f9\" data-bg-opacity=\"1\" data-animation=\"\" data-delay=\"0\" >\n\t\t<div class=\"vc_column-inner\" ><div class=\"column-bg-overlay-wrap column-bg-layer\" data-bg-animation=\"none\"><div class=\"column-bg-overlay\" style=\"opacity: 1; background-color: #dbe9f9;\"><\/div><\/div>\n\t\t\t<div class=\"wpb_wrapper\">\n\t\t\t\t<div class=\"img-with-aniamtion-wrap\" data-max-width=\"100%\" data-max-width-mobile=\"default\" data-shadow=\"none\" data-animation=\"fade-in\" >\n      <div class=\"inner\">\n        <div class=\"hover-wrap\"> \n          <div class=\"hover-wrap-inner\">\n            <a href=\"https:\/\/vwbugshow.be\/wp-content\/uploads\/2023\/12\/LBScrew2023.jpg\" class=\"pp\">\n              <img loading=\"lazy\" decoding=\"async\" class=\"img-with-animation skip-lazy\" data-delay=\"0\" height=\"709\" width=\"1240\" data-animation=\"fade-in\" src=\"https:\/\/vwbugshow.be\/wp-content\/uploads\/2023\/12\/LBScrew2023.jpg\" alt=\"Teams\" srcset=\"https:\/\/vwbugshow.be\/wp-content\/uploads\/2023\/12\/LBScrew2023.jpg 1240w, https:\/\/vwbugshow.be\/wp-content\/uploads\/2023\/12\/LBScrew2023-300x172.jpg 300w, https:\/\/vwbugshow.be\/wp-content\/uploads\/2023\/12\/LBScrew2023-1024x585.jpg 1024w, https:\/\/vwbugshow.be\/wp-content\/uploads\/2023\/12\/LBScrew2023-768x439.jpg 768w\" sizes=\"auto, (max-width: 1240px) 100vw, 1240px\" \/>\n            <\/a>\n          <\/div>\n        <\/div>\n      <\/div>\n      <\/div>\n\t\t\t<\/div> \n\t\t<\/div>\n\t<\/div> \n\n\t<div style=\"\" class=\"vc_col-sm-6 wpb_column column_container vc_column_container col padding-10-percent inherit_tablet inherit_phone\" data-using-bg=\"true\" data-padding-pos=\"all\" data-has-bg-color=\"true\" data-bg-color=\"#ffffff\" data-bg-opacity=\"1\" data-animation=\"\" data-delay=\"0\" >\n\t\t<div class=\"vc_column-inner\" ><div class=\"column-bg-overlay-wrap column-bg-layer\" data-bg-animation=\"none\"><div class=\"column-bg-overlay\" style=\"opacity: 1; background-color: #ffffff;\"><\/div><\/div>\n\t\t\t<div class=\"wpb_wrapper\">\n\t\t\t\t<div id=\"fws_69dcfd950afad\" data-midnight=\"\" data-column-margin=\"default\" class=\"wpb_row vc_row-fluid vc_row inner_row\"  style=\"\"><div class=\"row-bg-wrap\"> <div class=\"row-bg\" ><\/div> <\/div><div class=\"row_col_wrap_12_inner col span_12  left\">\n\t<div  class=\"vc_col-sm-12 wpb_column column_container vc_column_container col child_column has-animation no-extra-padding inherit_tablet inherit_phone\"   data-padding-pos=\"all\" data-has-bg-color=\"false\" data-bg-color=\"\" data-bg-opacity=\"1\" data-animation=\"fade-in-from-bottom\" data-delay=\"0\" >\n\t\t<div class=\"vc_column-inner\" >\n\t\t<div class=\"wpb_wrapper\">\n\t\t\t<h5 style=\"color: #606060;text-align: left\" class=\"vc_custom_heading vc_custom_1705001271902\" >Nos b\u00e9n\u00e9voles<\/h5><h2 style=\"font-size: 40px;line-height: 50px;text-align: left\" class=\"vc_custom_heading\" >L'\u00e9quipe des B\u00e9n\u00e9voles<\/h2>\n\t\t<\/div> \n\t<\/div>\n\t<\/div> \n<\/div><\/div>\n\t\t\t<\/div> \n\t\t<\/div>\n\t<\/div> \n<\/div><\/div>","protected":false},"excerpt":{"rendered":"LeBugShowUne organisation du Belgian Buggy and VW Club depuis 1991Club fond\u00e9 en 1974. Rencontrez l'\u00e9quipeBienvenue sur notre page \"Rencontrez l'\u00e9quipe\" d\u00e9di\u00e9e au BugShow, l'\u00e9v\u00e9nement organis\u00e9 par le Belgian Buggy and...","protected":false},"author":1,"featured_media":0,"parent":0,"menu_order":0,"comment_status":"closed","ping_status":"closed","template":"","meta":{"footnotes":""},"folder":[],"class_list":["post-103","page","type-page","status-publish"],"yoast_head":"<!-- This site is optimized with the Yoast SEO plugin v27.3 - https:\/\/yoast.com\/product\/yoast-seo-wordpress\/ -->\n<title>A propos - LeBugShow<\/title>\n<meta name=\"description\" content=\"Bienvenue sur notre page &quot;Rencontrez l&#039;\u00e9quipe&quot; d\u00e9di\u00e9e au BugShow, l&#039;\u00e9v\u00e9nement organis\u00e9 par le Belgian Buggy and VW Club !\" \/>\n<meta name=\"robots\" content=\"index, follow, max-snippet:-1, max-image-preview:large, max-video-preview:-1\" \/>\n<link rel=\"canonical\" href=\"https:\/\/vwbugshow.be\/nl\/a-propos\/\" \/>\n<meta property=\"og:locale\" content=\"nl_BE\" \/>\n<meta property=\"og:type\" content=\"article\" \/>\n<meta property=\"og:title\" content=\"A propos - LeBugShow\" \/>\n<meta property=\"og:description\" content=\"Bienvenue sur notre page &quot;Rencontrez l&#039;\u00e9quipe&quot; d\u00e9di\u00e9e au BugShow, l&#039;\u00e9v\u00e9nement organis\u00e9 par le Belgian Buggy and VW Club !\" \/>\n<meta property=\"og:url\" content=\"https:\/\/vwbugshow.be\/nl\/a-propos\/\" \/>\n<meta property=\"og:site_name\" content=\"LeBugShow\" \/>\n<meta property=\"article:publisher\" content=\"https:\/\/www.facebook.com\/Lebugshow\" \/>\n<meta property=\"article:modified_time\" content=\"2024-07-25T10:07:33+00:00\" \/>\n<meta name=\"twitter:card\" content=\"summary_large_image\" \/>\n<meta name=\"twitter:label1\" content=\"Geschatte leestijd\" \/>\n\t<meta name=\"twitter:data1\" content=\"11 minuten\" \/>\n<script type=\"application\/ld+json\" class=\"yoast-schema-graph\">{\"@context\":\"https:\\\/\\\/schema.org\",\"@graph\":[{\"@type\":\"WebPage\",\"@id\":\"https:\\\/\\\/vwbugshow.be\\\/a-propos\\\/\",\"url\":\"https:\\\/\\\/vwbugshow.be\\\/a-propos\\\/\",\"name\":\"A propos - LeBugShow\",\"isPartOf\":{\"@id\":\"https:\\\/\\\/vwbugshow.be\\\/#website\"},\"datePublished\":\"2023-12-19T21:29:55+00:00\",\"dateModified\":\"2024-07-25T10:07:33+00:00\",\"description\":\"Bienvenue sur notre page \\\"Rencontrez l'\u00e9quipe\\\" d\u00e9di\u00e9e au BugShow, l'\u00e9v\u00e9nement organis\u00e9 par le Belgian Buggy and VW Club !\",\"breadcrumb\":{\"@id\":\"https:\\\/\\\/vwbugshow.be\\\/a-propos\\\/#breadcrumb\"},\"inLanguage\":\"nl-BE\",\"potentialAction\":[{\"@type\":\"ReadAction\",\"target\":[\"https:\\\/\\\/vwbugshow.be\\\/a-propos\\\/\"]}]},{\"@type\":\"BreadcrumbList\",\"@id\":\"https:\\\/\\\/vwbugshow.be\\\/a-propos\\\/#breadcrumb\",\"itemListElement\":[{\"@type\":\"ListItem\",\"position\":1,\"name\":\"Accueil\",\"item\":\"https:\\\/\\\/vwbugshow.be\\\/\"},{\"@type\":\"ListItem\",\"position\":2,\"name\":\"A propos\"}]},{\"@type\":\"WebSite\",\"@id\":\"https:\\\/\\\/vwbugshow.be\\\/#website\",\"url\":\"https:\\\/\\\/vwbugshow.be\\\/\",\"name\":\"LeBugShow\",\"description\":\"Your 2500 aircooled VW event since 1991\",\"publisher\":{\"@id\":\"https:\\\/\\\/vwbugshow.be\\\/#organization\"},\"potentialAction\":[{\"@type\":\"SearchAction\",\"target\":{\"@type\":\"EntryPoint\",\"urlTemplate\":\"https:\\\/\\\/vwbugshow.be\\\/?s={search_term_string}\"},\"query-input\":{\"@type\":\"PropertyValueSpecification\",\"valueRequired\":true,\"valueName\":\"search_term_string\"}}],\"inLanguage\":\"nl-BE\"},{\"@type\":\"Organization\",\"@id\":\"https:\\\/\\\/vwbugshow.be\\\/#organization\",\"name\":\"BelgianBuggyAndVWClub\",\"url\":\"https:\\\/\\\/vwbugshow.be\\\/\",\"logo\":{\"@type\":\"ImageObject\",\"inLanguage\":\"nl-BE\",\"@id\":\"https:\\\/\\\/vwbugshow.be\\\/#\\\/schema\\\/logo\\\/image\\\/\",\"url\":\"http:\\\/\\\/vwbugshow.be\\\/wp-content\\\/uploads\\\/2023\\\/12\\\/logo-belgian-buggy-horiz.png\",\"contentUrl\":\"http:\\\/\\\/vwbugshow.be\\\/wp-content\\\/uploads\\\/2023\\\/12\\\/logo-belgian-buggy-horiz.png\",\"width\":366,\"height\":120,\"caption\":\"BelgianBuggyAndVWClub\"},\"image\":{\"@id\":\"https:\\\/\\\/vwbugshow.be\\\/#\\\/schema\\\/logo\\\/image\\\/\"},\"sameAs\":[\"https:\\\/\\\/www.facebook.com\\\/Lebugshow\"]}]}<\/script>\n<!-- \/ Yoast SEO plugin. -->","yoast_head_json":{"title":"A propos - LeBugShow","description":"Bienvenue sur notre page \"Rencontrez l'\u00e9quipe\" d\u00e9di\u00e9e au BugShow, l'\u00e9v\u00e9nement organis\u00e9 par le Belgian Buggy and VW Club !","robots":{"index":"index","follow":"follow","max-snippet":"max-snippet:-1","max-image-preview":"max-image-preview:large","max-video-preview":"max-video-preview:-1"},"canonical":"https:\/\/vwbugshow.be\/nl\/a-propos\/","og_locale":"nl_BE","og_type":"article","og_title":"A propos - LeBugShow","og_description":"Bienvenue sur notre page \"Rencontrez l'\u00e9quipe\" d\u00e9di\u00e9e au BugShow, l'\u00e9v\u00e9nement organis\u00e9 par le Belgian Buggy and VW Club !","og_url":"https:\/\/vwbugshow.be\/nl\/a-propos\/","og_site_name":"LeBugShow","article_publisher":"https:\/\/www.facebook.com\/Lebugshow","article_modified_time":"2024-07-25T10:07:33+00:00","twitter_card":"summary_large_image","twitter_misc":{"Geschatte leestijd":"11 minuten"},"schema":{"@context":"https:\/\/schema.org","@graph":[{"@type":"WebPage","@id":"https:\/\/vwbugshow.be\/a-propos\/","url":"https:\/\/vwbugshow.be\/a-propos\/","name":"A propos - LeBugShow","isPartOf":{"@id":"https:\/\/vwbugshow.be\/#website"},"datePublished":"2023-12-19T21:29:55+00:00","dateModified":"2024-07-25T10:07:33+00:00","description":"Bienvenue sur notre page \"Rencontrez l'\u00e9quipe\" d\u00e9di\u00e9e au BugShow, l'\u00e9v\u00e9nement organis\u00e9 par le Belgian Buggy and VW Club !","breadcrumb":{"@id":"https:\/\/vwbugshow.be\/a-propos\/#breadcrumb"},"inLanguage":"nl-BE","potentialAction":[{"@type":"ReadAction","target":["https:\/\/vwbugshow.be\/a-propos\/"]}]},{"@type":"BreadcrumbList","@id":"https:\/\/vwbugshow.be\/a-propos\/#breadcrumb","itemListElement":[{"@type":"ListItem","position":1,"name":"Accueil","item":"https:\/\/vwbugshow.be\/"},{"@type":"ListItem","position":2,"name":"A propos"}]},{"@type":"WebSite","@id":"https:\/\/vwbugshow.be\/#website","url":"https:\/\/vwbugshow.be\/","name":"LeBugShow","description":"Your 2500 aircooled VW event since 1991","publisher":{"@id":"https:\/\/vwbugshow.be\/#organization"},"potentialAction":[{"@type":"SearchAction","target":{"@type":"EntryPoint","urlTemplate":"https:\/\/vwbugshow.be\/?s={search_term_string}"},"query-input":{"@type":"PropertyValueSpecification","valueRequired":true,"valueName":"search_term_string"}}],"inLanguage":"nl-BE"},{"@type":"Organization","@id":"https:\/\/vwbugshow.be\/#organization","name":"BelgianBuggyAndVWClub","url":"https:\/\/vwbugshow.be\/","logo":{"@type":"ImageObject","inLanguage":"nl-BE","@id":"https:\/\/vwbugshow.be\/#\/schema\/logo\/image\/","url":"http:\/\/vwbugshow.be\/wp-content\/uploads\/2023\/12\/logo-belgian-buggy-horiz.png","contentUrl":"http:\/\/vwbugshow.be\/wp-content\/uploads\/2023\/12\/logo-belgian-buggy-horiz.png","width":366,"height":120,"caption":"BelgianBuggyAndVWClub"},"image":{"@id":"https:\/\/vwbugshow.be\/#\/schema\/logo\/image\/"},"sameAs":["https:\/\/www.facebook.com\/Lebugshow"]}]}},"_links":{"self":[{"href":"https:\/\/vwbugshow.be\/nl\/wp-json\/wp\/v2\/pages\/103","targetHints":{"allow":["GET"]}}],"collection":[{"href":"https:\/\/vwbugshow.be\/nl\/wp-json\/wp\/v2\/pages"}],"about":[{"href":"https:\/\/vwbugshow.be\/nl\/wp-json\/wp\/v2\/types\/page"}],"author":[{"embeddable":true,"href":"https:\/\/vwbugshow.be\/nl\/wp-json\/wp\/v2\/users\/1"}],"replies":[{"embeddable":true,"href":"https:\/\/vwbugshow.be\/nl\/wp-json\/wp\/v2\/comments?post=103"}],"version-history":[{"count":96,"href":"https:\/\/vwbugshow.be\/nl\/wp-json\/wp\/v2\/pages\/103\/revisions"}],"predecessor-version":[{"id":2512,"href":"https:\/\/vwbugshow.be\/nl\/wp-json\/wp\/v2\/pages\/103\/revisions\/2512"}],"wp:attachment":[{"href":"https:\/\/vwbugshow.be\/nl\/wp-json\/wp\/v2\/media?parent=103"}],"wp:term":[{"taxonomy":"folder","embeddable":true,"href":"https:\/\/vwbugshow.be\/nl\/wp-json\/wp\/v2\/folder?post=103"}],"curies":[{"name":"wp","href":"https:\/\/api.w.org\/{rel}","templated":true}]}}