{"id":33,"date":"2023-12-19T21:01:23","date_gmt":"2023-12-19T20:01:23","guid":{"rendered":"https:\/\/vwbugshow.be\/?page_id=33"},"modified":"2024-04-01T11:25:09","modified_gmt":"2024-04-01T09:25:09","slug":"history","status":"publish","type":"page","link":"https:\/\/vwbugshow.be\/en\/history\/","title":{"rendered":"History"},"content":{"rendered":"<div id=\"fws_69dd01b56b33f\"  data-column-margin=\"default\" data-midnight=\"dark\"  class=\"wpb_row vc_row-fluid vc_row\"  style=\"padding-top: 0px; padding-bottom: 0px; \"><div class=\"row-bg-wrap\" data-bg-animation=\"none\" data-bg-animation-delay=\"\" data-bg-overlay=\"false\"><div class=\"inner-wrap row-bg-layer\" ><div class=\"row-bg viewport-desktop\"  style=\"\"><\/div><\/div><\/div><div class=\"row_col_wrap_12 col span_12 dark left\">\n\t<div  class=\"vc_col-sm-12 wpb_column column_container vc_column_container col no-extra-padding inherit_tablet inherit_phone\"  data-padding-pos=\"all\" data-has-bg-color=\"false\" data-bg-color=\"\" data-bg-opacity=\"1\" data-animation=\"\" data-delay=\"0\" >\n\t\t<div class=\"vc_column-inner\" >\n\t\t\t<div class=\"wpb_wrapper\">\n\t\t\t\t<div class=\"img-with-aniamtion-wrap center\" data-max-width=\"100%\" data-max-width-mobile=\"default\" data-shadow=\"none\" data-animation=\"fade-in\" >\n      <div class=\"inner\">\n        <div class=\"hover-wrap\"> \n          <div class=\"hover-wrap-inner\">\n            <img loading=\"lazy\" decoding=\"async\" class=\"img-with-animation skip-lazy\" data-delay=\"0\" height=\"444\" width=\"480\" data-animation=\"fade-in\" src=\"https:\/\/vwbugshow.be\/wp-content\/uploads\/2024\/01\/comingsoon.gif\" alt=\"\"  \/>\n          <\/div>\n        <\/div>\n      <\/div>\n    <\/div>\n\t\t\t<\/div> \n\t\t<\/div>\n\t<\/div> \n<\/div><\/div>","protected":false},"excerpt":{"rendered":"","protected":false},"author":1,"featured_media":0,"parent":0,"menu_order":0,"comment_status":"closed","ping_status":"closed","template":"","meta":{"footnotes":""},"folder":[],"class_list":["post-33","page","type-page","status-publish"],"yoast_head":"<!-- This site is optimized with the Yoast SEO plugin v27.3 - https:\/\/yoast.com\/product\/yoast-seo-wordpress\/ -->\n<title>Histoire - LeBugShow<\/title>\n<meta name=\"description\" content=\"Historique du BugShow, depuis le 1er \u00e9v\u00e9nement en 1991 jusqu&#039;au dernier de cette ann\u00e9e\" \/>\n<meta name=\"robots\" content=\"index, follow, max-snippet:-1, max-image-preview:large, max-video-preview:-1\" \/>\n<link rel=\"canonical\" href=\"https:\/\/vwbugshow.be\/en\/history\/\" \/>\n<meta property=\"og:locale\" content=\"en_GB\" \/>\n<meta property=\"og:type\" content=\"article\" \/>\n<meta property=\"og:title\" content=\"Histoire - LeBugShow\" \/>\n<meta property=\"og:description\" content=\"Historique du BugShow, depuis le 1er \u00e9v\u00e9nement en 1991 jusqu&#039;au dernier de cette ann\u00e9e\" \/>\n<meta property=\"og:url\" content=\"https:\/\/vwbugshow.be\/en\/history\/\" \/>\n<meta property=\"og:site_name\" content=\"LeBugShow\" \/>\n<meta property=\"article:publisher\" content=\"https:\/\/www.facebook.com\/Lebugshow\" \/>\n<meta property=\"article:modified_time\" content=\"2024-04-01T09:25:09+00:00\" \/>\n<meta name=\"twitter:card\" content=\"summary_large_image\" \/>\n<meta name=\"twitter:label1\" content=\"Estimated reading time\" \/>\n\t<meta name=\"twitter:data1\" content=\"1 minute\" \/>\n<script type=\"application\/ld+json\" class=\"yoast-schema-graph\">{\"@context\":\"https:\\\/\\\/schema.org\",\"@graph\":[{\"@type\":\"WebPage\",\"@id\":\"https:\\\/\\\/vwbugshow.be\\\/history\\\/\",\"url\":\"https:\\\/\\\/vwbugshow.be\\\/history\\\/\",\"name\":\"Histoire - LeBugShow\",\"isPartOf\":{\"@id\":\"https:\\\/\\\/vwbugshow.be\\\/#website\"},\"datePublished\":\"2023-12-19T20:01:23+00:00\",\"dateModified\":\"2024-04-01T09:25:09+00:00\",\"description\":\"Historique du BugShow, depuis le 1er \u00e9v\u00e9nement en 1991 jusqu'au dernier de cette ann\u00e9e\",\"breadcrumb\":{\"@id\":\"https:\\\/\\\/vwbugshow.be\\\/history\\\/#breadcrumb\"},\"inLanguage\":\"en-GB\",\"potentialAction\":[{\"@type\":\"ReadAction\",\"target\":[\"https:\\\/\\\/vwbugshow.be\\\/history\\\/\"]}]},{\"@type\":\"BreadcrumbList\",\"@id\":\"https:\\\/\\\/vwbugshow.be\\\/history\\\/#breadcrumb\",\"itemListElement\":[{\"@type\":\"ListItem\",\"position\":1,\"name\":\"Accueil\",\"item\":\"https:\\\/\\\/vwbugshow.be\\\/\"},{\"@type\":\"ListItem\",\"position\":2,\"name\":\"Histoire\"}]},{\"@type\":\"WebSite\",\"@id\":\"https:\\\/\\\/vwbugshow.be\\\/#website\",\"url\":\"https:\\\/\\\/vwbugshow.be\\\/\",\"name\":\"LeBugShow\",\"description\":\"Your 2500 aircooled VW event since 1991\",\"publisher\":{\"@id\":\"https:\\\/\\\/vwbugshow.be\\\/#organization\"},\"potentialAction\":[{\"@type\":\"SearchAction\",\"target\":{\"@type\":\"EntryPoint\",\"urlTemplate\":\"https:\\\/\\\/vwbugshow.be\\\/?s={search_term_string}\"},\"query-input\":{\"@type\":\"PropertyValueSpecification\",\"valueRequired\":true,\"valueName\":\"search_term_string\"}}],\"inLanguage\":\"en-GB\"},{\"@type\":\"Organization\",\"@id\":\"https:\\\/\\\/vwbugshow.be\\\/#organization\",\"name\":\"BelgianBuggyAndVWClub\",\"url\":\"https:\\\/\\\/vwbugshow.be\\\/\",\"logo\":{\"@type\":\"ImageObject\",\"inLanguage\":\"en-GB\",\"@id\":\"https:\\\/\\\/vwbugshow.be\\\/#\\\/schema\\\/logo\\\/image\\\/\",\"url\":\"http:\\\/\\\/vwbugshow.be\\\/wp-content\\\/uploads\\\/2023\\\/12\\\/logo-belgian-buggy-horiz.png\",\"contentUrl\":\"http:\\\/\\\/vwbugshow.be\\\/wp-content\\\/uploads\\\/2023\\\/12\\\/logo-belgian-buggy-horiz.png\",\"width\":366,\"height\":120,\"caption\":\"BelgianBuggyAndVWClub\"},\"image\":{\"@id\":\"https:\\\/\\\/vwbugshow.be\\\/#\\\/schema\\\/logo\\\/image\\\/\"},\"sameAs\":[\"https:\\\/\\\/www.facebook.com\\\/Lebugshow\"]}]}<\/script>\n<!-- \/ Yoast SEO plugin. -->","yoast_head_json":{"title":"Histoire - LeBugShow","description":"Historique du BugShow, depuis le 1er \u00e9v\u00e9nement en 1991 jusqu'au dernier de cette ann\u00e9e","robots":{"index":"index","follow":"follow","max-snippet":"max-snippet:-1","max-image-preview":"max-image-preview:large","max-video-preview":"max-video-preview:-1"},"canonical":"https:\/\/vwbugshow.be\/en\/history\/","og_locale":"en_GB","og_type":"article","og_title":"Histoire - LeBugShow","og_description":"Historique du BugShow, depuis le 1er \u00e9v\u00e9nement en 1991 jusqu'au dernier de cette ann\u00e9e","og_url":"https:\/\/vwbugshow.be\/en\/history\/","og_site_name":"LeBugShow","article_publisher":"https:\/\/www.facebook.com\/Lebugshow","article_modified_time":"2024-04-01T09:25:09+00:00","twitter_card":"summary_large_image","twitter_misc":{"Estimated reading time":"1 minute"},"schema":{"@context":"https:\/\/schema.org","@graph":[{"@type":"WebPage","@id":"https:\/\/vwbugshow.be\/history\/","url":"https:\/\/vwbugshow.be\/history\/","name":"Histoire - LeBugShow","isPartOf":{"@id":"https:\/\/vwbugshow.be\/#website"},"datePublished":"2023-12-19T20:01:23+00:00","dateModified":"2024-04-01T09:25:09+00:00","description":"Historique du BugShow, depuis le 1er \u00e9v\u00e9nement en 1991 jusqu'au dernier de cette ann\u00e9e","breadcrumb":{"@id":"https:\/\/vwbugshow.be\/history\/#breadcrumb"},"inLanguage":"en-GB","potentialAction":[{"@type":"ReadAction","target":["https:\/\/vwbugshow.be\/history\/"]}]},{"@type":"BreadcrumbList","@id":"https:\/\/vwbugshow.be\/history\/#breadcrumb","itemListElement":[{"@type":"ListItem","position":1,"name":"Accueil","item":"https:\/\/vwbugshow.be\/"},{"@type":"ListItem","position":2,"name":"Histoire"}]},{"@type":"WebSite","@id":"https:\/\/vwbugshow.be\/#website","url":"https:\/\/vwbugshow.be\/","name":"LeBugShow","description":"Your 2500 aircooled VW event since 1991","publisher":{"@id":"https:\/\/vwbugshow.be\/#organization"},"potentialAction":[{"@type":"SearchAction","target":{"@type":"EntryPoint","urlTemplate":"https:\/\/vwbugshow.be\/?s={search_term_string}"},"query-input":{"@type":"PropertyValueSpecification","valueRequired":true,"valueName":"search_term_string"}}],"inLanguage":"en-GB"},{"@type":"Organization","@id":"https:\/\/vwbugshow.be\/#organization","name":"BelgianBuggyAndVWClub","url":"https:\/\/vwbugshow.be\/","logo":{"@type":"ImageObject","inLanguage":"en-GB","@id":"https:\/\/vwbugshow.be\/#\/schema\/logo\/image\/","url":"http:\/\/vwbugshow.be\/wp-content\/uploads\/2023\/12\/logo-belgian-buggy-horiz.png","contentUrl":"http:\/\/vwbugshow.be\/wp-content\/uploads\/2023\/12\/logo-belgian-buggy-horiz.png","width":366,"height":120,"caption":"BelgianBuggyAndVWClub"},"image":{"@id":"https:\/\/vwbugshow.be\/#\/schema\/logo\/image\/"},"sameAs":["https:\/\/www.facebook.com\/Lebugshow"]}]}},"_links":{"self":[{"href":"https:\/\/vwbugshow.be\/en\/wp-json\/wp\/v2\/pages\/33","targetHints":{"allow":["GET"]}}],"collection":[{"href":"https:\/\/vwbugshow.be\/en\/wp-json\/wp\/v2\/pages"}],"about":[{"href":"https:\/\/vwbugshow.be\/en\/wp-json\/wp\/v2\/types\/page"}],"author":[{"embeddable":true,"href":"https:\/\/vwbugshow.be\/en\/wp-json\/wp\/v2\/users\/1"}],"replies":[{"embeddable":true,"href":"https:\/\/vwbugshow.be\/en\/wp-json\/wp\/v2\/comments?post=33"}],"version-history":[{"count":49,"href":"https:\/\/vwbugshow.be\/en\/wp-json\/wp\/v2\/pages\/33\/revisions"}],"predecessor-version":[{"id":2493,"href":"https:\/\/vwbugshow.be\/en\/wp-json\/wp\/v2\/pages\/33\/revisions\/2493"}],"wp:attachment":[{"href":"https:\/\/vwbugshow.be\/en\/wp-json\/wp\/v2\/media?parent=33"}],"wp:term":[{"taxonomy":"folder","embeddable":true,"href":"https:\/\/vwbugshow.be\/en\/wp-json\/wp\/v2\/folder?post=33"}],"curies":[{"name":"wp","href":"https:\/\/api.w.org\/{rel}","templated":true}]}}