{"id":1967,"date":"2024-01-04T23:20:43","date_gmt":"2024-01-04T22:20:43","guid":{"rendered":"https:\/\/vwbugshow.be\/?page_id=1967"},"modified":"2026-01-30T17:23:29","modified_gmt":"2026-01-30T16:23:29","slug":"swap-meet-stand","status":"publish","type":"page","link":"https:\/\/vwbugshow.be\/en\/swap-meet-stand\/","title":{"rendered":"Swap meet \u2013 Exhibitor stand"},"content":{"rendered":"<div id=\"fws_69dd00314340a\"  data-column-margin=\"default\" data-midnight=\"dark\" data-top-percent=\"6%\" data-bottom-percent=\"6%\"  class=\"wpb_row vc_row-fluid vc_row full-width-section\"  style=\"padding-top: calc(100vw * 0.06); padding-bottom: calc(100vw * 0.06); \"><div class=\"row-bg-wrap\" data-bg-animation=\"none\" data-bg-animation-delay=\"\" data-bg-overlay=\"false\"><div class=\"inner-wrap row-bg-layer\" ><div class=\"row-bg viewport-desktop\"  style=\"\"><\/div><\/div><\/div><div class=\"row_col_wrap_12 col span_12 dark left\">\n\t<div  class=\"vc_col-sm-12 wpb_column column_container vc_column_container col nectar-sticky-column no-extra-padding el_spacing_0px inherit_tablet inherit_phone\"  data-padding-pos=\"all\" data-has-bg-color=\"false\" data-bg-color=\"\" data-bg-opacity=\"1\" data-animation=\"\" data-delay=\"0\" >\n\t\t<div class=\"vc_column-inner\" >\n\t\t\t<div class=\"wpb_wrapper\">\n\t\t\t\t\n\t<div class=\"wpb_content_element\" data-interval=\"0\">\n\t\t<div class=\"wpb_wrapper tabbed clearfix\" data-style=\"default\" data-animation=\"fade\" data-spacing=\"default\" data-icon-size=\"\" data-full-width-line=\"\" data-color-scheme=\"extra-color-2\" data-alignment=\"center\">\n\t\t\t<ul class=\"wpb_tabs_nav ui-tabs-nav clearfix\"><li class=\"tab-item active-tab\"><a role=\"button\" href=\"#tab-1769790163028-8\" class=\"active-tab\"><span>Info<\/span><\/a><\/li><li class=\"tab-item\"><a role=\"button\" href=\"#tab-1769790163073-1\" ><span>Reservation Swap Meet<\/span><\/a><\/li><li class=\"tab-item\"><a role=\"button\" href=\"#tab-1769790163082-4\" ><span>Reservation Stand<\/span><\/a><\/li><li class=\"tab-item\"><a role=\"button\" href=\"#tab-1769790163090-9\" ><span>Rules<\/span><\/a><\/li><li class=\"tab-item\"><a role=\"button\" href=\"#tab-1769790163121-0\" ><span>Advertising Price<\/span><\/a><\/li><\/ul>\n\n\t\t\t\n\t\t\t<div id=\"tab-infos\" data-tab-icon=\"fa fa-info-circle\" class=\"wpb_tab ui-tabs-panel wpb_ui-tabs-hide clearfix\">\n\t\t\t\t<div class=\"nectar-split-heading\" data-align=\"center\" data-m-align=\"inherit\" data-text-effect=\"default\" data-animation-type=\"line-reveal-by-space\" data-animation-delay=\"0\" data-animation-offset=\"\" data-m-rm-animation=\"\" data-stagger=\"\" data-custom-font-size=\"false\" ><h2 style=\" color: #000000;\">Info<\/h2><\/div><div class=\"divider-wrap\" data-alignment=\"default\"><div style=\"margin-top: 12.5px; height: 1px; margin-bottom: 12.5px;\" data-width=\"100%\" data-animate=\"\" data-animation-delay=\"\" data-color=\"default\" class=\"divider-border\"><\/div><\/div><div id=\"fws_69dd003144613\" data-midnight=\"\" data-column-margin=\"default\" class=\"wpb_row vc_row-fluid vc_row inner_row\"  style=\"\"><div class=\"row-bg-wrap\"> <div class=\"row-bg\" ><\/div> <\/div><div class=\"row_col_wrap_12_inner col span_12  left\">\n\t<div  class=\"vc_col-sm-12 wpb_column column_container vc_column_container col child_column no-extra-padding inherit_tablet inherit_phone\"   data-padding-pos=\"all\" data-has-bg-color=\"false\" data-bg-color=\"\" data-bg-opacity=\"1\" data-animation=\"\" data-delay=\"0\" >\n\t\t<div class=\"vc_column-inner\" >\n\t\t<div class=\"wpb_wrapper\">\n\t\t\t\n<div class=\"wpb_text_column wpb_content_element\" >\n\t<div class=\"wpb_wrapper\">\n\t\t<h2>Swap meet \u2013 Exhibitor stand<\/h2>\n<p>&nbsp;<\/p>\n<p>information on prices and reservation Swap Meet \u2013 Stand only via online forms.<\/p>\n<p><a href=\"\/en\/swap-meet-stand\/?tab=R\u00e9servation-Swap-meet\">Reservation Swap Meet<\/a><br \/>\n<a href=\"\/en\/swap-meet-stand\/?tab=R\u00e9servation-Stand-exposants\">Reservation Stand<\/a><\/p>\n<p>Contact:\u00a0<a href=\"\/en\/a-propos\/#team\">Arnaud and Sandrine<\/a><\/p>\n\t<\/div>\n<\/div>\n\n\n\n<div class=\"img-with-aniamtion-wrap\" data-max-width=\"100%\" data-max-width-mobile=\"default\" data-shadow=\"none\" data-animation=\"none\" >\n      <div class=\"inner\">\n        <div class=\"hover-wrap\"> \n          <div class=\"hover-wrap-inner\">\n            <img loading=\"lazy\" decoding=\"async\" class=\"img-with-animation skip-lazy\" data-delay=\"0\" height=\"781\" width=\"1920\" data-animation=\"none\" src=\"https:\/\/vwbugshow.be\/wp-content\/uploads\/2024\/01\/swap-meet-bugshow-public-3.jpg\" alt=\"\" srcset=\"https:\/\/vwbugshow.be\/wp-content\/uploads\/2024\/01\/swap-meet-bugshow-public-3.jpg 1920w, https:\/\/vwbugshow.be\/wp-content\/uploads\/2024\/01\/swap-meet-bugshow-public-3-300x122.jpg 300w, https:\/\/vwbugshow.be\/wp-content\/uploads\/2024\/01\/swap-meet-bugshow-public-3-1024x417.jpg 1024w, https:\/\/vwbugshow.be\/wp-content\/uploads\/2024\/01\/swap-meet-bugshow-public-3-768x312.jpg 768w, https:\/\/vwbugshow.be\/wp-content\/uploads\/2024\/01\/swap-meet-bugshow-public-3-1536x625.jpg 1536w\" sizes=\"auto, (max-width: 1920px) 100vw, 1920px\" \/>\n          <\/div>\n        <\/div>\n      <\/div>\n    <\/div>\n\t\t<\/div> \n\t<\/div>\n\t<\/div> \n<\/div><\/div>\n\t\t\t<\/div> \n\t\t\t<div id=\"tab-reservation-swap-meet\" data-tab-icon=\"\" class=\"wpb_tab ui-tabs-panel wpb_ui-tabs-hide clearfix\">\n\t\t\t\t\n<div class=\"wpb_text_column wpb_content_element\" >\n\t<div class=\"wpb_wrapper\">\n\t\t<h1 style=\"text-align: center;\"><strong>Coming Soon<\/strong><\/h1>\n\t<\/div>\n<\/div>\n\n\n\n\n\t\t\t<\/div> \n\t\t\t<div id=\"tab-reservation-stand-exposants\" data-tab-icon=\"\" class=\"wpb_tab ui-tabs-panel wpb_ui-tabs-hide clearfix\">\n\t\t\t\t\n<div class=\"wpb_text_column wpb_content_element\" >\n\t<div class=\"wpb_wrapper\">\n\t\t<h1 style=\"text-align: center;\"><strong>Coming Soon<\/strong><\/h1>\n\t<\/div>\n<\/div>\n\n\n\n\n\t\t\t<\/div> \n\t\t\t<div id=\"tab-reglement\" data-tab-icon=\"fa fa-bars\" class=\"wpb_tab ui-tabs-panel wpb_ui-tabs-hide clearfix\">\n\t\t\t\t<div id=\"fws_69dd0031458a0\" data-midnight=\"\" data-column-margin=\"default\" class=\"wpb_row vc_row-fluid vc_row inner_row\"  style=\"\"><div class=\"row-bg-wrap\"> <div class=\"row-bg\" ><\/div> <\/div><div class=\"row_col_wrap_12_inner col span_12  left\">\n\t<div  class=\"vc_col-sm-3 wpb_column column_container vc_column_container col child_column no-extra-padding inherit_tablet inherit_phone\"   data-padding-pos=\"all\" data-has-bg-color=\"false\" data-bg-color=\"\" data-bg-opacity=\"1\" data-animation=\"\" data-delay=\"0\" >\n\t\t<div class=\"vc_column-inner\" >\n\t\t<div class=\"wpb_wrapper\">\n\t\t\t<div class=\"nectar_icon_wrap\" data-style=\"default\" data-padding=\"0px\" data-color=\"extra-color-gradient-1\" style=\"margin-bottom: 5px; \" >\n\t\t<div class=\"nectar_icon\" style=\"height: 62px; width: 62px;\"><span class=\"im-icon-wrap\" data-color=\"extra-color-gradient-1\"><span><svg role=\"presentation\" version=\"1.1\" xmlns=\"http:\/\/www.w3.org\/2000\/svg\" width=\"50\" height=\"50\" viewbox=\"0 0 32 32\" fill=\"url(#nectar-iconsmind-icon-69dd003145cab)\">\n        <path d=\"M20.68 14.325c-0.096 0-0.195-0.021-0.287-0.065-0.232-0.109-0.38-0.344-0.38-0.601v-7.252l-9.58 7.775c-0.2 0.161-0.475 0.195-0.707 0.084-0.232-0.112-0.38-0.347-0.38-0.601v-7.135l-8.241 7.621c-0.271 0.251-0.693 0.233-0.943-0.033-0.251-0.271-0.233-0.695 0.037-0.943l9.361-8.656c0.195-0.18 0.477-0.224 0.72-0.123 0.244 0.107 0.4 0.347 0.4 0.612v7.253l9.583-7.775c0.197-0.16 0.472-0.195 0.705-0.084 0.232 0.112 0.379 0.347 0.379 0.601v7.255l9.583-7.775c0.197-0.16 0.472-0.195 0.705-0.084 0.232 0.109 0.379 0.347 0.379 0.601v8.633c0 0.367-0.299 0.667-0.667 0.667-0.365 0-0.667-0.3-0.667-0.667v-7.232l-9.58 7.775c-0.123 0.096-0.271 0.148-0.421 0.148zM20.68 27.659c-0.096 0-0.195-0.021-0.287-0.065-0.232-0.109-0.38-0.344-0.38-0.601v-7.252l-9.58 7.775c-0.2 0.161-0.475 0.195-0.707 0.084-0.232-0.112-0.38-0.347-0.38-0.601v-7.136l-8.241 7.623c-0.271 0.251-0.693 0.233-0.943-0.033-0.251-0.271-0.233-0.695 0.037-0.943l9.361-8.656c0.195-0.18 0.477-0.224 0.72-0.123 0.244 0.107 0.4 0.347 0.4 0.612v7.252l9.583-7.773c0.197-0.161 0.472-0.195 0.705-0.084 0.232 0.112 0.379 0.348 0.379 0.601v7.253l9.583-7.773c0.197-0.161 0.472-0.196 0.705-0.084 0.232 0.109 0.379 0.348 0.379 0.601v8.635c0 0.365-0.299 0.667-0.667 0.667-0.365 0-0.667-0.301-0.667-0.667v-7.235l-9.58 7.775c-0.123 0.097-0.271 0.149-0.421 0.149z\"><\/path>\n        <\/svg><svg style=\"height:0;width:0;position:absolute;\" aria-hidden=\"true\" focusable=\"false\">\n\t\t\t  <lineargradient id=\"nectar-iconsmind-icon-69dd003145cab\" x2=\"1\" y2=\"1\">\n\t\t\t    <stop offset=\"0%\" stop-color=\"#3452ff\" \/>\n\t\t\t    <stop offset=\"100%\" stop-color=\"#ff1053\" \/>\n\t\t\t  <\/lineargradient>\n\t\t\t<\/svg><\/span><\/span><\/div>\n\t<\/div><div class=\"nectar-split-heading\" data-align=\"center\" data-m-align=\"inherit\" data-text-effect=\"default\" data-animation-type=\"line-reveal-by-space\" data-animation-delay=\"0\" data-animation-offset=\"\" data-m-rm-animation=\"\" data-stagger=\"\" data-custom-font-size=\"false\" ><h2 style=\" color: #000000;\">Rules<\/h2><\/div>\n\t\t<\/div> \n\t<\/div>\n\t<\/div> \n\n\t<div style=\" color: #000000;\" class=\"vc_col-sm-9 wpb_column column_container vc_column_container col child_column padding-4-percent el_spacing_0px inherit_tablet inherit_phone\" data-cfc=\"true\"  data-padding-pos=\"all\" data-has-bg-color=\"false\" data-bg-color=\"\" data-bg-opacity=\"1\" data-animation=\"\" data-delay=\"0\" >\n\t\t<div class=\"vc_column-inner\" >\n\t\t<div class=\"wpb_wrapper\">\n\t\t\t\n<div class=\"wpb_text_column wpb_content_element\" >\n\t<div class=\"wpb_wrapper\">\n\t\t<ol class=\"uk-list-line\">\n<li>The F1 standkeepers will be allowed in their stand as soon as it has been emptied en checked.<\/li>\n<li>Swapmeet participants will have to stay at the spot that the organisation will give them. They will NOT be able to choose anymore.<\/li>\n<li>Swapmeet will be allowed to install at 10PM. At this moment the space in front of the F1 stands will be difficult to acces. Stand holders will be asked to unload their vehicles and move them quickly. You have to react immediatly at organisation request.<\/li>\n<li>A state of the stand will have been done before, but the standholder will be asked to check it before installing their stuff. Everything that is broken or any problem must be returned to the organisation ASAP before installation. Each standholder is responsible of any damage or problem during his stay in the stand.<\/li>\n<li>It is forbidden to use nails, screws, glue or any damaging mean to put things on the wall, doors, ground\u2026<\/li>\n<li>It is forbidden to put anything (flags, publicity\u2026.) on the racetrack infrastructure.<\/li>\n<li>If you see an oil spill, tell it quickly to the organisation so they can remove it. If you do not do it, you will be sanctioned at the end of the meeting.<\/li>\n<li>Certain things can not be sold during the WE ( weapons, knifes, fist irons, base ball bat, drones, food en drinks.) These things will be removed and given back on sunday evening.<\/li>\n<li>The organization will sease the forbidden goods and return it on Sunday evening.<\/li>\n<li>The stands and swapmeet must be empty at 17h30 on sunday. It is allowed to sleep in the stands and in the swapmeet vehicles as long as you respect the other sleepers between 24h and 7h. (no loud music and hard talking\u2026)<\/li>\n<li>The rear door in the F1 Stand must remain closed, you are not allowed in the Pit Lane.<\/li>\n<li>The space outside the F1 Stand that a standholder takes will be envoiced at the same rate as the swapmeet attendants. You can\u2019t install outdoors if you did not make a reservation first.<\/li>\n<li>A space of 4m must be free between the stand door and the Swapmeet area, this is an emergency vehicle passage and this during the whole WE.<\/li>\n<li>No vehicle is authorised to drive around on the swapmeet area between 8h an 18h. If you must, your car should be parked at the violet parking before.<\/li>\n<li>For the swapmeet, the surface used for trading will be due to payment. The space used by your vehicle will not be charged.<\/li>\n<li>It is not allowed to make fire on the ground. The BBQ on a foot can be used as long as it is stable and the smoke does not makes problems with your neighbor.<\/li>\n<li>Violation of these rules can result in an expulsion from the Show. The organisation can amend these rules at any time.<\/li>\n<\/ol>\n\t<\/div>\n<\/div>\n\n\n\n\n\t\t<\/div> \n\t<\/div>\n\t<\/div> \n<\/div><\/div>\n\t\t\t<\/div> \n\t\t\t<div id=\"tab-tarif-publicite\" data-tab-icon=\"fa fa-newspaper-o\" class=\"wpb_tab ui-tabs-panel wpb_ui-tabs-hide clearfix vc_hidden-lg vc_hidden-md vc_hidden-sm vc_hidden-xs\">\n\t\t\t\t<div class=\"nectar-split-heading\" data-align=\"center\" data-m-align=\"inherit\" data-text-effect=\"default\" data-animation-type=\"line-reveal-by-space\" data-animation-delay=\"0\" data-animation-offset=\"\" data-m-rm-animation=\"\" data-stagger=\"\" data-custom-font-size=\"false\" ><h2 style=\" color: #000000;\">Advertising Price<\/h2><\/div><div class=\"divider-wrap\" data-alignment=\"default\"><div style=\"margin-top: 12.5px; height: 1px; margin-bottom: 12.5px;\" data-width=\"100%\" data-animate=\"\" data-animation-delay=\"\" data-color=\"default\" class=\"divider-border\"><\/div><\/div><div id=\"fws_69dd00314b7e2\" data-midnight=\"\" data-column-margin=\"default\" class=\"wpb_row vc_row-fluid vc_row inner_row\"  style=\"\"><div class=\"row-bg-wrap\"> <div class=\"row-bg\" ><\/div> <\/div><div class=\"row_col_wrap_12_inner col span_12  left\">\n\t<div  class=\"vc_col-sm-4 wpb_column column_container vc_column_container col child_column no-extra-padding inherit_tablet inherit_phone\"   data-padding-pos=\"all\" data-has-bg-color=\"false\" data-bg-color=\"\" data-bg-opacity=\"1\" data-animation=\"\" data-delay=\"0\" >\n\t\t<div class=\"vc_column-inner\" >\n\t\t<div class=\"wpb_wrapper\">\n\t\t\t<div class=\"nectar-fancy-box using-img\" data-style=\"color_box_basic\" data-animation=\"\" data-hover-o=\"default\" data-border-radius=\"default\" data-border=\"\" data-box-color-opacity=\"0.5\" data-delay=\"\" data-alignment=\"left\" data-color=\"#000000\" style=\"color: #ffffff;\"><div class=\"box-bg\"  style=\"background-image: url('https:\/\/vwbugshow.be\/wp-content\/uploads\/2024\/01\/pub1.jpeg');  background-color: #000000;\"><\/div> <div class=\"inner\" style=\"min-height: 450px\"><i class=\"icon-default-style fa fa-file-o\" data-color=\"accent-color\" style=\"font-size: 50px!important; line-height: 50px!important;\"><\/i>\n<h2>\u00bc page A4<\/h2>\n<ul>\n<li>2 entr\u00e9es vip (acc\u00e8s mezzanine)<\/li>\n<\/ul>\n<h3>340\u20ac HTVA<\/h3>\n<div class=\"nectar-cta\" data-color=\"\" data-using-bg=\"false\" data-style=\"see-through\" data-display=\"block\" data-alignment=\"center\" data-text-color=\"std\" ><h5> <span class=\"text\"> <\/span><span class=\"link_wrap\" ><a target=\"_blank\" class=\"link_text\" role=\"button\" href=\"https:\/\/www.google.be\">Tickets<span class=\"arrow\"><\/span><\/a><\/span><\/h5><\/div><\/div>   <\/div>\n\t\t<\/div> \n\t<\/div>\n\t<\/div> \n\n\t<div  class=\"vc_col-sm-4 wpb_column column_container vc_column_container col child_column no-extra-padding inherit_tablet inherit_phone\"   data-padding-pos=\"all\" data-has-bg-color=\"false\" data-bg-color=\"\" data-bg-opacity=\"1\" data-animation=\"\" data-delay=\"0\" >\n\t\t<div class=\"vc_column-inner\" >\n\t\t<div class=\"wpb_wrapper\">\n\t\t\t<div class=\"nectar-fancy-box using-img\" data-style=\"color_box_basic\" data-animation=\"\" data-hover-o=\"default\" data-border-radius=\"default\" data-border=\"\" data-box-color-opacity=\"0.5\" data-delay=\"\" data-alignment=\"left\" data-color=\"#000000\" style=\"color: #ffffff;\"><div class=\"box-bg\"  style=\"background-image: url('https:\/\/vwbugshow.be\/wp-content\/uploads\/2024\/01\/pub1.jpeg');  background-color: #000000;\"><\/div> <div class=\"inner\" style=\"min-height: 450px\"><i class=\"icon-default-style fa fa-file-text-o\" data-color=\"accent-color\" style=\"font-size: 50px!important; line-height: 50px!important;\"><\/i>\n<h2>\u00bd page A4<\/h2>\n<ul>\n<li>2 vip entries<\/li>\n<\/ul>\n<h3>430\u20ac HTVA<\/h3>\n<div class=\"nectar-cta\" data-color=\"\" data-using-bg=\"false\" data-style=\"see-through\" data-display=\"block\" data-alignment=\"center\" data-text-color=\"std\" ><h5> <span class=\"text\"> <\/span><span class=\"link_wrap\" ><a target=\"_blank\" class=\"link_text\" role=\"button\" href=\"https:\/\/www.google.be\">Tickets<span class=\"arrow\"><\/span><\/a><\/span><\/h5><\/div><\/div>   <\/div>\n\t\t<\/div> \n\t<\/div>\n\t<\/div> \n\n\t<div  class=\"vc_col-sm-4 wpb_column column_container vc_column_container col child_column no-extra-padding inherit_tablet inherit_phone\"   data-padding-pos=\"all\" data-has-bg-color=\"false\" data-bg-color=\"\" data-bg-opacity=\"1\" data-animation=\"\" data-delay=\"0\" >\n\t\t<div class=\"vc_column-inner\" >\n\t\t<div class=\"wpb_wrapper\">\n\t\t\t<div class=\"nectar-fancy-box using-img\" data-style=\"color_box_basic\" data-animation=\"\" data-hover-o=\"default\" data-border-radius=\"default\" data-border=\"\" data-box-color-opacity=\"0.5\" data-delay=\"\" data-alignment=\"left\" data-color=\"#000000\" style=\"color: #ffffff;\"><div class=\"box-bg\"  style=\"background-image: url('https:\/\/vwbugshow.be\/wp-content\/uploads\/2024\/01\/pub1.jpeg');  background-color: #000000;\"><\/div> <div class=\"inner\" style=\"min-height: 450px\"><i class=\"icon-default-style fa fa-file-text\" data-color=\"accent-color\" style=\"font-size: 50px!important; line-height: 50px!important;\"><\/i>\n<h2>1 page A4<\/h2>\n<ul>\n<li class=\"sprocket-tables-desc sprocket-tables-cell sprocket-tables-bg1\">4 vip entries<\/li>\n<\/ul>\n<h3>640\u20ac HTVA<\/h3>\n<div class=\"nectar-cta\" data-color=\"\" data-using-bg=\"false\" data-style=\"see-through\" data-display=\"block\" data-alignment=\"center\" data-text-color=\"std\" ><h5> <span class=\"text\"> <\/span><span class=\"link_wrap\" ><a target=\"_blank\" class=\"link_text\" role=\"button\" href=\"https:\/\/www.google.be\">Tickets<span class=\"arrow\"><\/span><\/a><\/span><\/h5><\/div>\n<div id=\"gtx-trans\" style=\"position: absolute;left: -15px;top: 224.695px\">\n<div class=\"gtx-trans-icon\"><\/div>\n<\/div>\n<\/div>   <\/div>\n\t\t<\/div> \n\t<\/div>\n\t<\/div> \n<\/div><\/div><div class=\"nectar-highlighted-text\" data-style=\"full_text\" data-exp=\"default\" data-using-custom-color=\"true\" data-animation-delay=\"false\" data-color=\"#d3d3d3\" data-color-gradient=\"\" style=\"\"><p><em><strong class=\"uk-text-danger\"><abbr title=\"Important\">IMPORTANT<\/abbr><\/strong><\/em><br \/>\n<strong>Information and reservation available soon online<\/strong><\/p>\n<\/div>\n\t\t\t<\/div> \n\t\t<\/div> \n\t<\/div> \n\t\t\t<\/div> \n\t\t<\/div>\n\t<\/div> \n<\/div><\/div>","protected":false},"excerpt":{"rendered":"InfosR\u00e9servation Swap meetR\u00e9servation Stand exposantsR\u00e8glementTarif Publicit\u00e9 Infos Swap meet - Stand exposants &nbsp; Infos tarifs et r\u00e9servation Swap meet - Stand exposants uniquement via formulaires en ligne. R\u00e9servation Swap meet...","protected":false},"author":2,"featured_media":0,"parent":0,"menu_order":0,"comment_status":"closed","ping_status":"closed","template":"","meta":{"footnotes":""},"folder":[],"class_list":["post-1967","page","type-page","status-publish"],"yoast_head":"<!-- This site is optimized with the Yoast SEO plugin v27.3 - https:\/\/yoast.com\/product\/yoast-seo-wordpress\/ -->\n<title>Swap meet - Stand exposants - LeBugShow<\/title>\n<meta name=\"robots\" content=\"index, follow, max-snippet:-1, max-image-preview:large, max-video-preview:-1\" \/>\n<link rel=\"canonical\" href=\"https:\/\/vwbugshow.be\/en\/swap-meet-stand\/\" \/>\n<meta property=\"og:locale\" content=\"en_GB\" \/>\n<meta property=\"og:type\" content=\"article\" \/>\n<meta property=\"og:title\" content=\"Swap meet - Stand exposants - LeBugShow\" \/>\n<meta property=\"og:url\" content=\"https:\/\/vwbugshow.be\/en\/swap-meet-stand\/\" \/>\n<meta property=\"og:site_name\" content=\"LeBugShow\" \/>\n<meta property=\"article:publisher\" content=\"https:\/\/www.facebook.com\/Lebugshow\" \/>\n<meta property=\"article:modified_time\" content=\"2026-01-30T16:23:29+00:00\" \/>\n<meta name=\"twitter:card\" content=\"summary_large_image\" \/>\n<meta name=\"twitter:label1\" content=\"Estimated reading time\" \/>\n\t<meta name=\"twitter:data1\" content=\"6 minutes\" \/>\n<script type=\"application\/ld+json\" class=\"yoast-schema-graph\">{\"@context\":\"https:\\\/\\\/schema.org\",\"@graph\":[{\"@type\":\"WebPage\",\"@id\":\"https:\\\/\\\/vwbugshow.be\\\/swap-meet-stand\\\/\",\"url\":\"https:\\\/\\\/vwbugshow.be\\\/swap-meet-stand\\\/\",\"name\":\"Swap meet - Stand exposants - LeBugShow\",\"isPartOf\":{\"@id\":\"https:\\\/\\\/vwbugshow.be\\\/#website\"},\"datePublished\":\"2024-01-04T22:20:43+00:00\",\"dateModified\":\"2026-01-30T16:23:29+00:00\",\"breadcrumb\":{\"@id\":\"https:\\\/\\\/vwbugshow.be\\\/swap-meet-stand\\\/#breadcrumb\"},\"inLanguage\":\"en-GB\",\"potentialAction\":[{\"@type\":\"ReadAction\",\"target\":[\"https:\\\/\\\/vwbugshow.be\\\/swap-meet-stand\\\/\"]}]},{\"@type\":\"BreadcrumbList\",\"@id\":\"https:\\\/\\\/vwbugshow.be\\\/swap-meet-stand\\\/#breadcrumb\",\"itemListElement\":[{\"@type\":\"ListItem\",\"position\":1,\"name\":\"Accueil\",\"item\":\"https:\\\/\\\/vwbugshow.be\\\/\"},{\"@type\":\"ListItem\",\"position\":2,\"name\":\"Swap meet &#8211; Stand exposants\"}]},{\"@type\":\"WebSite\",\"@id\":\"https:\\\/\\\/vwbugshow.be\\\/#website\",\"url\":\"https:\\\/\\\/vwbugshow.be\\\/\",\"name\":\"LeBugShow\",\"description\":\"Your 2500 aircooled VW event since 1991\",\"publisher\":{\"@id\":\"https:\\\/\\\/vwbugshow.be\\\/#organization\"},\"potentialAction\":[{\"@type\":\"SearchAction\",\"target\":{\"@type\":\"EntryPoint\",\"urlTemplate\":\"https:\\\/\\\/vwbugshow.be\\\/?s={search_term_string}\"},\"query-input\":{\"@type\":\"PropertyValueSpecification\",\"valueRequired\":true,\"valueName\":\"search_term_string\"}}],\"inLanguage\":\"en-GB\"},{\"@type\":\"Organization\",\"@id\":\"https:\\\/\\\/vwbugshow.be\\\/#organization\",\"name\":\"BelgianBuggyAndVWClub\",\"url\":\"https:\\\/\\\/vwbugshow.be\\\/\",\"logo\":{\"@type\":\"ImageObject\",\"inLanguage\":\"en-GB\",\"@id\":\"https:\\\/\\\/vwbugshow.be\\\/#\\\/schema\\\/logo\\\/image\\\/\",\"url\":\"http:\\\/\\\/vwbugshow.be\\\/wp-content\\\/uploads\\\/2023\\\/12\\\/logo-belgian-buggy-horiz.png\",\"contentUrl\":\"http:\\\/\\\/vwbugshow.be\\\/wp-content\\\/uploads\\\/2023\\\/12\\\/logo-belgian-buggy-horiz.png\",\"width\":366,\"height\":120,\"caption\":\"BelgianBuggyAndVWClub\"},\"image\":{\"@id\":\"https:\\\/\\\/vwbugshow.be\\\/#\\\/schema\\\/logo\\\/image\\\/\"},\"sameAs\":[\"https:\\\/\\\/www.facebook.com\\\/Lebugshow\"]}]}<\/script>\n<!-- \/ Yoast SEO plugin. -->","yoast_head_json":{"title":"Swap meet - Stand exposants - LeBugShow","robots":{"index":"index","follow":"follow","max-snippet":"max-snippet:-1","max-image-preview":"max-image-preview:large","max-video-preview":"max-video-preview:-1"},"canonical":"https:\/\/vwbugshow.be\/en\/swap-meet-stand\/","og_locale":"en_GB","og_type":"article","og_title":"Swap meet - Stand exposants - LeBugShow","og_url":"https:\/\/vwbugshow.be\/en\/swap-meet-stand\/","og_site_name":"LeBugShow","article_publisher":"https:\/\/www.facebook.com\/Lebugshow","article_modified_time":"2026-01-30T16:23:29+00:00","twitter_card":"summary_large_image","twitter_misc":{"Estimated reading time":"6 minutes"},"schema":{"@context":"https:\/\/schema.org","@graph":[{"@type":"WebPage","@id":"https:\/\/vwbugshow.be\/swap-meet-stand\/","url":"https:\/\/vwbugshow.be\/swap-meet-stand\/","name":"Swap meet - Stand exposants - LeBugShow","isPartOf":{"@id":"https:\/\/vwbugshow.be\/#website"},"datePublished":"2024-01-04T22:20:43+00:00","dateModified":"2026-01-30T16:23:29+00:00","breadcrumb":{"@id":"https:\/\/vwbugshow.be\/swap-meet-stand\/#breadcrumb"},"inLanguage":"en-GB","potentialAction":[{"@type":"ReadAction","target":["https:\/\/vwbugshow.be\/swap-meet-stand\/"]}]},{"@type":"BreadcrumbList","@id":"https:\/\/vwbugshow.be\/swap-meet-stand\/#breadcrumb","itemListElement":[{"@type":"ListItem","position":1,"name":"Accueil","item":"https:\/\/vwbugshow.be\/"},{"@type":"ListItem","position":2,"name":"Swap meet &#8211; Stand exposants"}]},{"@type":"WebSite","@id":"https:\/\/vwbugshow.be\/#website","url":"https:\/\/vwbugshow.be\/","name":"LeBugShow","description":"Your 2500 aircooled VW event since 1991","publisher":{"@id":"https:\/\/vwbugshow.be\/#organization"},"potentialAction":[{"@type":"SearchAction","target":{"@type":"EntryPoint","urlTemplate":"https:\/\/vwbugshow.be\/?s={search_term_string}"},"query-input":{"@type":"PropertyValueSpecification","valueRequired":true,"valueName":"search_term_string"}}],"inLanguage":"en-GB"},{"@type":"Organization","@id":"https:\/\/vwbugshow.be\/#organization","name":"BelgianBuggyAndVWClub","url":"https:\/\/vwbugshow.be\/","logo":{"@type":"ImageObject","inLanguage":"en-GB","@id":"https:\/\/vwbugshow.be\/#\/schema\/logo\/image\/","url":"http:\/\/vwbugshow.be\/wp-content\/uploads\/2023\/12\/logo-belgian-buggy-horiz.png","contentUrl":"http:\/\/vwbugshow.be\/wp-content\/uploads\/2023\/12\/logo-belgian-buggy-horiz.png","width":366,"height":120,"caption":"BelgianBuggyAndVWClub"},"image":{"@id":"https:\/\/vwbugshow.be\/#\/schema\/logo\/image\/"},"sameAs":["https:\/\/www.facebook.com\/Lebugshow"]}]}},"_links":{"self":[{"href":"https:\/\/vwbugshow.be\/en\/wp-json\/wp\/v2\/pages\/1967","targetHints":{"allow":["GET"]}}],"collection":[{"href":"https:\/\/vwbugshow.be\/en\/wp-json\/wp\/v2\/pages"}],"about":[{"href":"https:\/\/vwbugshow.be\/en\/wp-json\/wp\/v2\/types\/page"}],"author":[{"embeddable":true,"href":"https:\/\/vwbugshow.be\/en\/wp-json\/wp\/v2\/users\/2"}],"replies":[{"embeddable":true,"href":"https:\/\/vwbugshow.be\/en\/wp-json\/wp\/v2\/comments?post=1967"}],"version-history":[{"count":68,"href":"https:\/\/vwbugshow.be\/en\/wp-json\/wp\/v2\/pages\/1967\/revisions"}],"predecessor-version":[{"id":2615,"href":"https:\/\/vwbugshow.be\/en\/wp-json\/wp\/v2\/pages\/1967\/revisions\/2615"}],"wp:attachment":[{"href":"https:\/\/vwbugshow.be\/en\/wp-json\/wp\/v2\/media?parent=1967"}],"wp:term":[{"taxonomy":"folder","embeddable":true,"href":"https:\/\/vwbugshow.be\/en\/wp-json\/wp\/v2\/folder?post=1967"}],"curies":[{"name":"wp","href":"https:\/\/api.w.org\/{rel}","templated":true}]}}